{"id":22,"date":"2021-12-07T15:17:59","date_gmt":"2021-12-07T14:17:59","guid":{"rendered":"https:\/\/targyalatasz.hu\/?page_id=22"},"modified":"2021-12-07T15:23:26","modified_gmt":"2021-12-07T14:23:26","slug":"impresszum","status":"publish","type":"page","link":"https:\/\/targyalatasz.hu\/?page_id=22","title":{"rendered":"Impresszum"},"content":{"rendered":"\n<p>Kiad\u00f3:<\/p>\n\n\n\n<p>T\u00e1rsas\u00e1g a Szabads\u00e1gjogok\u00e9rt<br>H-1136 Budapest<br>T\u00e1tra utca 15\/b<br>+36 1 209 0046<\/p>\n\n\n\n<p><br>Kiad\u00e1s\u00e9rt felel\u0151s szem\u00e9ly: dr. Kapronczay Stef\u00e1nia<\/p>\n\n\n\n<p>Szerkeszt\u00e9s\u00e9rt felel\u0151s szem\u00e9ly: dr. Kapronczay Stef\u00e1nia<\/p>\n","protected":false},"excerpt":{"rendered":"<p>Kiad\u00f3: T\u00e1rsas\u00e1g a Szabads\u00e1gjogok\u00e9rtH-1136 BudapestT\u00e1tra utca 15\/b+36 1 209 0046 Kiad\u00e1s\u00e9rt felel\u0151s szem\u00e9ly: dr. Kapronczay Stef\u00e1nia Szerkeszt\u00e9s\u00e9rt felel\u0151s szem\u00e9ly: dr. Kapronczay Stef\u00e1nia<\/p>\n","protected":false},"author":1,"featured_media":0,"parent":26,"menu_order":0,"comment_status":"closed","ping_status":"closed","template":"","meta":{"footnotes":""},"class_list":["post-22","page","type-page","status-publish","hentry","entry"],"_links":{"self":[{"href":"https:\/\/targyalatasz.hu\/index.php?rest_route=\/wp\/v2\/pages\/22","targetHints":{"allow":["GET"]}}],"collection":[{"href":"https:\/\/targyalatasz.hu\/index.php?rest_route=\/wp\/v2\/pages"}],"about":[{"href":"https:\/\/targyalatasz.hu\/index.php?rest_route=\/wp\/v2\/types\/page"}],"author":[{"embeddable":true,"href":"https:\/\/targyalatasz.hu\/index.php?rest_route=\/wp\/v2\/users\/1"}],"replies":[{"embeddable":true,"href":"https:\/\/targyalatasz.hu\/index.php?rest_route=%2Fwp%2Fv2%2Fcomments&post=22"}],"version-history":[{"count":1,"href":"https:\/\/targyalatasz.hu\/index.php?rest_route=\/wp\/v2\/pages\/22\/revisions"}],"predecessor-version":[{"id":23,"href":"https:\/\/targyalatasz.hu\/index.php?rest_route=\/wp\/v2\/pages\/22\/revisions\/23"}],"up":[{"embeddable":true,"href":"https:\/\/targyalatasz.hu\/index.php?rest_route=\/wp\/v2\/pages\/26"}],"wp:attachment":[{"href":"https:\/\/targyalatasz.hu\/index.php?rest_route=%2Fwp%2Fv2%2Fmedia&parent=22"}],"curies":[{"name":"wp","href":"https:\/\/api.w.org\/{rel}","templated":true}]}}